



{"id":1349,"date":"2013-03-26T17:49:03","date_gmt":"2013-03-26T16:49:03","guid":{"rendered":"http:\/\/91.250.81.25\/Bufalo\/be\/wordpress\/care-shine-self-shining-cream-2\/"},"modified":"2019-11-27T13:51:50","modified_gmt":"2019-11-27T12:51:50","slug":"care-shine-creme-autobrillante","status":"publish","type":"page","link":"https:\/\/www.bufalo.be\/fr\/care-shine-creme-autobrillante\/","title":{"rendered":"Care &#038; Shine: cr\u00e8me<br\/> autobrillante tr\u00e8s pratique"},"content":{"rendered":"<p>B\u00fafalo Care &amp; Shine ravive les couleurs et fait briller vos chaussures, tout en \u00e9tant particuli\u00e8rement facile et rapide \u00e0 utiliser. Gr\u00e2ce \u00e0 sa formule super brillante, ce produit nettoie et nourrit tous les types de cuirs souples, en les soignant et en pr\u00e9servant leur douceur naturelle. La solution parfaite pour qui cherche un produit rapide et pratique pour entretenir le cuir.<\/p>\n","protected":false},"excerpt":{"rendered":"<p>B\u00fafalo Care &amp; Shine ravive les couleurs et fait briller vos chaussures, tout en \u00e9tant particuli\u00e8rement facile et rapide \u00e0 utiliser. Gr\u00e2ce \u00e0 sa formule super brillante, ce produit nettoie et nourrit tous les types de cuirs souples, en les soignant et en pr\u00e9servant leur douceur naturelle. La solution parfaite pour qui cherche un produit [&hellip;]<\/p>\n","protected":false},"author":9,"featured_media":2267,"parent":0,"menu_order":0,"comment_status":"open","ping_status":"open","template":"localcontent.php","meta":[],"_links":{"self":[{"href":"https:\/\/www.bufalo.be\/fr\/wp-json\/wp\/v2\/pages\/1349"}],"collection":[{"href":"https:\/\/www.bufalo.be\/fr\/wp-json\/wp\/v2\/pages"}],"about":[{"href":"https:\/\/www.bufalo.be\/fr\/wp-json\/wp\/v2\/types\/page"}],"author":[{"embeddable":true,"href":"https:\/\/www.bufalo.be\/fr\/wp-json\/wp\/v2\/users\/9"}],"replies":[{"embeddable":true,"href":"https:\/\/www.bufalo.be\/fr\/wp-json\/wp\/v2\/comments?post=1349"}],"version-history":[{"count":16,"href":"https:\/\/www.bufalo.be\/fr\/wp-json\/wp\/v2\/pages\/1349\/revisions"}],"predecessor-version":[{"id":2271,"href":"https:\/\/www.bufalo.be\/fr\/wp-json\/wp\/v2\/pages\/1349\/revisions\/2271"}],"wp:featuredmedia":[{"embeddable":true,"href":"https:\/\/www.bufalo.be\/fr\/wp-json\/wp\/v2\/media\/2267"}],"wp:attachment":[{"href":"https:\/\/www.bufalo.be\/fr\/wp-json\/wp\/v2\/media?parent=1349"}],"curies":[{"name":"wp","href":"https:\/\/api.w.org\/{rel}","templated":true}]}}