



{"id":1406,"date":"2013-01-22T11:00:39","date_gmt":"2013-01-22T10:00:39","guid":{"rendered":"http:\/\/91.250.81.25\/Bufalo\/be\/wordpress\/about-erdal-2\/"},"modified":"2013-07-24T11:47:27","modified_gmt":"2013-07-24T09:47:27","slug":"a-propos-de-bufalo","status":"publish","type":"page","link":"https:\/\/www.bufalo.be\/fr\/a-propos-de-bufalo\/","title":{"rendered":"\u00c0 propos de B\u00fafalo"},"content":{"rendered":"<h1>\u00c0 propos de B\u00fafalo<\/h1>\n<h2>B\u00fafalo \u2013 une marque de qualit\u00e9<\/h2>\n","protected":false},"excerpt":{"rendered":"<p>\u00c0 propos de B\u00fafalo B\u00fafalo \u2013 une marque de qualit\u00e9<\/p>\n","protected":false},"author":9,"featured_media":0,"parent":0,"menu_order":4,"comment_status":"open","ping_status":"open","template":"","meta":[],"_links":{"self":[{"href":"https:\/\/www.bufalo.be\/fr\/wp-json\/wp\/v2\/pages\/1406"}],"collection":[{"href":"https:\/\/www.bufalo.be\/fr\/wp-json\/wp\/v2\/pages"}],"about":[{"href":"https:\/\/www.bufalo.be\/fr\/wp-json\/wp\/v2\/types\/page"}],"author":[{"embeddable":true,"href":"https:\/\/www.bufalo.be\/fr\/wp-json\/wp\/v2\/users\/9"}],"replies":[{"embeddable":true,"href":"https:\/\/www.bufalo.be\/fr\/wp-json\/wp\/v2\/comments?post=1406"}],"version-history":[{"count":1,"href":"https:\/\/www.bufalo.be\/fr\/wp-json\/wp\/v2\/pages\/1406\/revisions"}],"predecessor-version":[{"id":1408,"href":"https:\/\/www.bufalo.be\/fr\/wp-json\/wp\/v2\/pages\/1406\/revisions\/1408"}],"wp:attachment":[{"href":"https:\/\/www.bufalo.be\/fr\/wp-json\/wp\/v2\/media?parent=1406"}],"curies":[{"name":"wp","href":"https:\/\/api.w.org\/{rel}","templated":true}]}}