



{"id":1417,"date":"2013-01-22T11:01:35","date_gmt":"2013-01-22T10:01:35","guid":{"rendered":"http:\/\/91.250.81.25\/Bufalo\/be\/wordpress\/contact-2\/"},"modified":"2022-07-07T11:08:33","modified_gmt":"2022-07-07T09:08:33","slug":"contact-fr","status":"publish","type":"page","link":"https:\/\/www.bufalo.be\/fr\/contact-fr\/","title":{"rendered":"Contact"},"content":{"rendered":"<h1>Contact<\/h1>\n<p>Si vous avez d&#8217;autres questions ou suggestions concernant nos produits, n&#8217;h\u00e9sitez pas \u00e0 nous contacter.\u00a0<\/p>\n<p>Num\u00e9ro de t\u00e9l\u00e9phone: +32 2 352 04 14<br \/>\nMail: <a href=\"mailto:ldejonghe@werner-mertz.com\">contact@bufalo.be<\/a><\/p>\n<p>Avenue Jean Monnet, 1 (b.6)<br \/>\nBaulers-Nivelles<br \/>\n1401<\/p>\n","protected":false},"excerpt":{"rendered":"<p>Contact Si vous avez d&#8217;autres questions ou suggestions concernant nos produits, n&#8217;h\u00e9sitez pas \u00e0 nous contacter.\u00a0 Num\u00e9ro de t\u00e9l\u00e9phone: +32 2 352 04 14 Mail: contact@bufalo.be Avenue Jean Monnet, 1 (b.6) Baulers-Nivelles 1401<\/p>\n","protected":false},"author":9,"featured_media":0,"parent":0,"menu_order":5,"comment_status":"open","ping_status":"open","template":"","meta":[],"_links":{"self":[{"href":"https:\/\/www.bufalo.be\/fr\/wp-json\/wp\/v2\/pages\/1417"}],"collection":[{"href":"https:\/\/www.bufalo.be\/fr\/wp-json\/wp\/v2\/pages"}],"about":[{"href":"https:\/\/www.bufalo.be\/fr\/wp-json\/wp\/v2\/types\/page"}],"author":[{"embeddable":true,"href":"https:\/\/www.bufalo.be\/fr\/wp-json\/wp\/v2\/users\/9"}],"replies":[{"embeddable":true,"href":"https:\/\/www.bufalo.be\/fr\/wp-json\/wp\/v2\/comments?post=1417"}],"version-history":[{"count":6,"href":"https:\/\/www.bufalo.be\/fr\/wp-json\/wp\/v2\/pages\/1417\/revisions"}],"predecessor-version":[{"id":2355,"href":"https:\/\/www.bufalo.be\/fr\/wp-json\/wp\/v2\/pages\/1417\/revisions\/2355"}],"wp:attachment":[{"href":"https:\/\/www.bufalo.be\/fr\/wp-json\/wp\/v2\/media?parent=1417"}],"curies":[{"name":"wp","href":"https:\/\/api.w.org\/{rel}","templated":true}]}}