



{"id":2416,"date":"2025-04-14T13:55:43","date_gmt":"2025-04-14T11:55:43","guid":{"rendered":"https:\/\/www.bufalo.be\/aansprakelijkheid\/"},"modified":"2025-06-18T09:52:17","modified_gmt":"2025-06-18T07:52:17","slug":"avis-de-responsabilite","status":"publish","type":"page","link":"https:\/\/www.bufalo.be\/fr\/avis-de-responsabilite\/","title":{"rendered":"Avis de responsabilit\u00e9"},"content":{"rendered":"<!-- Added by Post\/Page specific custom CSS plugin, thank you for using! -->\n<style>#background-image {display: none !important;}\r\n#page, #content { height: 100% !important; }\r\np, #content li { width: 100%; font-size: 12px; line-height: 19px; }\r\np {width: 100% !important}<\/style>\n<p><strong>Responsabilit\u00e9 pour les contenus<\/strong><\/p>\n<p>En tant que prestataire de services, nous sommes responsables de nos propres contenus sur ces pages selon les lois g\u00e9n\u00e9rales, conform\u00e9ment au \u00a7 7 alin\u00e9a 1 DDG en relation avec le r\u00e8glement (UE) 2022\/2065. Conform\u00e9ment \u00e0 l&#8217;article 8 du r\u00e8glement (UE) 2022\/2065, nous ne sommes toutefois pas tenus, en tant que prestataire de services, de surveiller les informations externes transmises ou enregistr\u00e9es ou de rechercher les circonstances qui indiquent une activit\u00e9 ill\u00e9gale.<\/p>\n<p>L&#8217;obligation de suppression ou de blocage de l&#8217;utilisation d&#8217;informations conform\u00e9ment aux lois g\u00e9n\u00e9rales reste inchang\u00e9e. Une responsabilit\u00e9 aff\u00e9rente ne prend toutefois effet qu&#8217;\u00e0 la date \u00e0 partir de laquelle nous avons connaissance d&#8217;une violation concr\u00e8te de la loi. Les contenus concern\u00e9s par une violation de la loi sont supprim\u00e9s imm\u00e9diatement \u00e0 la divulgation de ladite violation.<\/p>\n<p><strong>Responsabilit\u00e9 pour les liens<\/strong><\/p>\n<p>Notre offre contient des liens vers des sites Internet externes de tiers, dont les contenus \u00e9chappent \u00e0 notre influence. C&#8217;est pourquoi nous ne saurions accepter une quelconque responsabilit\u00e9 pour ces contenus de tiers. Les contenus des sites Internet auxquels renvoient des liens contenus sur notre site rel\u00e8vent de la seule responsabilit\u00e9 de leurs fournisseurs ou exploitants. Ces pages ont fait l&#8217;objet d&#8217;un contr\u00f4le de l&#8217;existence \u00e9ventuelle d&#8217;une violation de la loi \u00e0 la date de l&#8217;\u00e9tablissement des liens. Des contenus contraires au droit n&#8217;\u00e9taient pas identifiables \u00e0 la date de l&#8217;\u00e9tablissement des liens.<\/p>\n<p>Un contr\u00f4le permanent des contenus des sites Internet auxquels nous renvoyons par des liens ne peut \u00eatre raisonnable sans indice concret d&#8217;une violation de la loi. Les liens vers les sites Internet concern\u00e9s par une violation de la loi seront supprim\u00e9s imm\u00e9diatement \u00e0 la divulgation de ladite violation.<\/p>\n<p><strong>Droit d&#8217;auteur<\/strong><\/p>\n<p>Les contenus et \u0153uvres \u00e9labor\u00e9s par les exploitants du site Internet sur ces pages sont soumis au droit allemand relatif aux droits d&#8217;auteur. La multiplication, l&#8217;\u00e9dition, la diffusion et l&#8217;exploitation de toute nature au-del\u00e0 des limites du droit d&#8217;auteur ne sont autoris\u00e9es qu&#8217;avec l&#8217;accord formel et \u00e9crit de l&#8217;auteur ou du r\u00e9dacteur aff\u00e9rent. Les t\u00e9l\u00e9chargements et les copies de ces pages ne sont autoris\u00e9s qu&#8217;\u00e0 des fins strictement priv\u00e9es et non-commerciales.<\/p>\n<p>Dans la mesure o\u00f9 les contenus du pr\u00e9sent site ne sont pas r\u00e9alis\u00e9s par l&#8217;exploitant du site, les droits d&#8217;auteur des tiers seront respect\u00e9s. Les articles de tiers sont notamment marqu\u00e9s comme tels. Si vous constatez n\u00e9anmoins une violation pr\u00e9sum\u00e9e de droits d&#8217;auteur, veuillez nous en informer. Les contenus concern\u00e9s par une violation de la loi seront supprim\u00e9s imm\u00e9diatement \u00e0 la divulgation de ladite violation.<\/p>\n<p><strong>Mai 2025<\/strong><\/p>\n","protected":false},"excerpt":{"rendered":"<p>Responsabilit\u00e9 pour les contenus En tant que prestataire de services, nous sommes responsables de nos propres contenus sur ces pages selon les lois g\u00e9n\u00e9rales, conform\u00e9ment au \u00a7 7 alin\u00e9a 1 DDG en relation avec le r\u00e8glement (UE) 2022\/2065. Conform\u00e9ment \u00e0 l&#8217;article 8 du r\u00e8glement (UE) 2022\/2065, nous ne sommes toutefois pas tenus, en tant que [&hellip;]<\/p>\n","protected":false},"author":9,"featured_media":0,"parent":0,"menu_order":0,"comment_status":"closed","ping_status":"closed","template":"","meta":[],"_links":{"self":[{"href":"https:\/\/www.bufalo.be\/fr\/wp-json\/wp\/v2\/pages\/2416"}],"collection":[{"href":"https:\/\/www.bufalo.be\/fr\/wp-json\/wp\/v2\/pages"}],"about":[{"href":"https:\/\/www.bufalo.be\/fr\/wp-json\/wp\/v2\/types\/page"}],"author":[{"embeddable":true,"href":"https:\/\/www.bufalo.be\/fr\/wp-json\/wp\/v2\/users\/9"}],"replies":[{"embeddable":true,"href":"https:\/\/www.bufalo.be\/fr\/wp-json\/wp\/v2\/comments?post=2416"}],"version-history":[{"count":3,"href":"https:\/\/www.bufalo.be\/fr\/wp-json\/wp\/v2\/pages\/2416\/revisions"}],"predecessor-version":[{"id":2436,"href":"https:\/\/www.bufalo.be\/fr\/wp-json\/wp\/v2\/pages\/2416\/revisions\/2436"}],"wp:attachment":[{"href":"https:\/\/www.bufalo.be\/fr\/wp-json\/wp\/v2\/media?parent=2416"}],"curies":[{"name":"wp","href":"https:\/\/api.w.org\/{rel}","templated":true}]}}